{"id":723,"date":"2022-10-11T09:16:55","date_gmt":"2022-10-11T07:16:55","guid":{"rendered":"https:\/\/kraftholz.com\/?page_id=723"},"modified":"2022-10-11T09:20:12","modified_gmt":"2022-10-11T07:20:12","slug":"salzburg","status":"publish","type":"page","link":"https:\/\/kraftholz.com\/en\/salzburg\/","title":{"rendered":"Salzburg"},"content":{"rendered":"<p class=\"qtranxs-available-languages-message qtranxs-available-languages-message-en\">Sorry, this entry is only available in <a href=\"https:\/\/kraftholz.com\/de\/wp-json\/wp\/v2\/pages\/723\" class=\"qtranxs-available-language-link qtranxs-available-language-link-de\" title=\"Deutsch\">Deutsch<\/a>. For the sake of viewer convenience, the content is shown below in the alternative language. You may click the link to switch the active language.<\/p><p><\/div><\/div><\/div><!-- close content main div --><\/div><\/div><div id='full_slider_1' class='avia-fullwidth-slider main_color avia-shadow   container_wrap fullsize'   ><div  data-size='featured'  data-lightbox_size='large'  data-animation='slide'  data-conditional_play=''  data-ids='703'  data-video_counter='0'  data-autoplay='false'  data-bg_slider='false'  data-slide_height=''  data-handle='av_slideshow_full'  data-interval='5'  data-class=' '  data-css_id=''  data-scroll_down=''  data-control_layout='av-control-default'  data-custom_markup=''  data-perma_caption=''  data-autoplay_stopper=''  data-image_attachment=''  data-min_height='0px'  data-src=''  data-position='top left'  data-repeat='no-repeat'  data-attach='scroll'  data-stretch=''  data-default-height='28.666666666667'  class='avia-slideshow avia-slideshow-1  av-control-default av-default-height-applied avia-slideshow-featured av_slideshow_full   avia-slide-slider '  itemprop=\"ImageObject\" itemscope=\"itemscope\" itemtype=\"https:\/\/schema.org\/ImageObject\" ><ul class='avia-slideshow-inner ' style='padding-bottom: 28.666666666667%;' ><li  class=' av-single-slide slide-1 ' ><div data-rel='slideshow-1' class='avia-slide-wrap '   ><img src='https:\/\/kraftholz.com\/wp-content\/uploads\/2020\/05\/P8060033-1500x430.jpg' width='1500' height='430' title='P8060033' alt=''  itemprop=\"thumbnailUrl\"   \/><\/div><\/li><\/ul><\/div><\/div><\/p>\n<section class=\"av_textblock_section \"  itemscope=\"itemscope\" itemtype=\"https:\/\/schema.org\/CreativeWork\" ><div class='avia_textblock  '   itemprop=\"text\" ><h1>Ihr Altholz oder Rundholz bei Salzburg<\/h1>\n<p>Bei uns als einem traditionellen Holzh\u00e4ndler mit Firmensitz bei Salzburg k\u00f6nnen Sie sowohl Altholz als auch Rundholz kaufen. Beim Rundholz kaufen haben Sie eine gro\u00dfe Auswahl unter einer Vielzahl an heimischen Holzarten in allen Qualit\u00e4ten. Das Spektrum reicht vom Furnier- \u00fcber das Resonanz- bis zum Industrieholz. Sofern Sie Altholz kaufen m\u00f6chten, liefern wir Ihnen binnen kurzer Zeit und ganz flexibel eine absolut hochwertige Qualit\u00e4t.<\/p>\n<p>Mit der Gewerbeerlaubnis f\u00fcr S\u00e4gewerke haben wir die M\u00f6glichkeit, das Altholz mit Bes\u00e4umen und B\u00fcrsten, mit Hobeln, Schneiden und Trocknen selbstst\u00e4ndig sowie eigenverantwortlich zu bearbeiten.<\/p>\n<p>Zus\u00e4tzlich zum Altholz kaufen, k\u00f6nnen Sie uns auch Lohnarbeiten \u00fcbertragen, die wir unter anderem mit einer modernen Horizontalbands\u00e4ge ausf\u00fchren. Unser Angebot reicht von A bis Z, Zu- und Kappschnitten.<\/p>\n<p>Ob Sie Rundholz oder Altholz kaufen wollen \u2013 bei uns finden Sie f\u00fcr jede Anwendung das richtige Holz.<\/p>\n<p>Suchen Sie zum Alt- oder zum Rundholz kaufen einen erfahrenen Anbieter? Informieren Sie sich dazu bei der kraftholz neuhofer gmbh bei Salzburg. Rufen Sie jetzt direkt an und vereinbaren Sie eine pers\u00f6nliche Beratung!<\/p>\n<\/div><\/section><\/p>","protected":false},"excerpt":{"rendered":"<p>Sorry, this entry is only available in Deutsch. For the sake of viewer convenience, the content is shown below in the alternative language. You may click the link to switch the active language.<\/p>\n","protected":false},"author":2,"featured_media":0,"parent":0,"menu_order":0,"comment_status":"closed","ping_status":"closed","template":"","meta":{"footnotes":""},"class_list":["post-723","page","type-page","status-publish","hentry"],"_links":{"self":[{"href":"https:\/\/kraftholz.com\/en\/wp-json\/wp\/v2\/pages\/723","targetHints":{"allow":["GET"]}}],"collection":[{"href":"https:\/\/kraftholz.com\/en\/wp-json\/wp\/v2\/pages"}],"about":[{"href":"https:\/\/kraftholz.com\/en\/wp-json\/wp\/v2\/types\/page"}],"author":[{"embeddable":true,"href":"https:\/\/kraftholz.com\/en\/wp-json\/wp\/v2\/users\/2"}],"replies":[{"embeddable":true,"href":"https:\/\/kraftholz.com\/en\/wp-json\/wp\/v2\/comments?post=723"}],"version-history":[{"count":1,"href":"https:\/\/kraftholz.com\/en\/wp-json\/wp\/v2\/pages\/723\/revisions"}],"predecessor-version":[{"id":724,"href":"https:\/\/kraftholz.com\/en\/wp-json\/wp\/v2\/pages\/723\/revisions\/724"}],"wp:attachment":[{"href":"https:\/\/kraftholz.com\/en\/wp-json\/wp\/v2\/media?parent=723"}],"curies":[{"name":"wp","href":"https:\/\/api.w.org\/{rel}","templated":true}]}}