{"id":689,"date":"2021-07-20T17:03:36","date_gmt":"2021-07-20T15:03:36","guid":{"rendered":"https:\/\/kraftholz.com\/?page_id=689"},"modified":"2021-07-20T18:10:06","modified_gmt":"2021-07-20T16:10:06","slug":"voecklabruck","status":"publish","type":"page","link":"https:\/\/kraftholz.com\/en\/voecklabruck\/","title":{"rendered":"Voecklabruck"},"content":{"rendered":"<p class=\"qtranxs-available-languages-message qtranxs-available-languages-message-en\">Sorry, this entry is only available in <a href=\"https:\/\/kraftholz.com\/de\/wp-json\/wp\/v2\/pages\/689\" class=\"qtranxs-available-language-link qtranxs-available-language-link-de\" title=\"Deutsch\">Deutsch<\/a>. For the sake of viewer convenience, the content is shown below in the alternative language. You may click the link to switch the active language.<\/p><p><\/div><\/div><\/div><!-- close content main div --><\/div><\/div><div id='full_slider_1' class='avia-fullwidth-slider main_color avia-shadow   container_wrap fullsize'   ><div  data-size='no scaling'  data-lightbox_size='large'  data-animation='slide'  data-conditional_play=''  data-ids='218'  data-video_counter='0'  data-autoplay='false'  data-bg_slider='false'  data-slide_height=''  data-handle='av_slideshow_full'  data-interval='5'  data-class=' '  data-css_id=''  data-scroll_down=''  data-control_layout='av-control-default'  data-custom_markup=''  data-perma_caption=''  data-autoplay_stopper=''  data-image_attachment=''  data-min_height='0px'  data-src=''  data-position='top left'  data-repeat='no-repeat'  data-attach='scroll'  data-stretch=''  class='avia-slideshow avia-slideshow-1  av-control-default av-default-height-applied avia-slideshow-no scaling av_slideshow_full   avia-slide-slider '  itemprop=\"ImageObject\" itemscope=\"itemscope\" itemtype=\"https:\/\/schema.org\/ImageObject\" ><ul class='avia-slideshow-inner ' style='padding-bottom: 24.739583333333%;' ><li  class=' av-single-slide slide-1 ' ><div data-rel='slideshow-1' class='avia-slide-wrap '   ><img src='https:\/\/kraftholz.com\/wp-content\/uploads\/2018\/10\/verarbeitenheisstveredeln2-slider.jpg' width='1920' height='475' title='Verarbeiten hei\u00dft veredeln' alt='Verarbeiten hei\u00dft veredeln'  itemprop=\"thumbnailUrl\"   \/><\/div><\/li><\/ul><\/div><\/div><\/p>\n<section class=\"av_textblock_section \"  itemscope=\"itemscope\" itemtype=\"https:\/\/schema.org\/CreativeWork\" ><div class='avia_textblock  '   itemprop=\"text\" ><h1>Altholz, Rundholz und weitere H\u00f6lzer bei V\u00f6cklabruck<\/h1>\n<p>In der Region V\u00f6cklabruck sind wir Ihr Ansprechpartner f\u00fcr den Alt- und Rundholz Handel sowie die Holzverarbeitung. Dar\u00fcber hinaus verarbeiten und liefern wir als Holzh\u00e4ndler solche Holzsorten und H\u00f6lzer, wie Brennholz, wunschweise als Schnittholz bis hin zu Klang- und zu Industrieholz, zu Energieholz und Furnier.<\/p>\n<p>Wir kaufen Rund- und Altholz, welches in unserer neuen Produktions- und Lagerhalle mit Trocknen, B\u00fcrsten, Bes\u00e4umen, Schneiden und Hobeln optimal verarbeitet wird. Das Altholz gewinnen wir teilweise durch den Abriss alter Geb\u00e4ude und Holzscheunen, als auch alten Speicher. Sowohl Alt- als auch das Schnittholz trennen wir mit einer technisch modernen Horizontal-Bands\u00e4ge, bevor es von uns weiterverkauft wird.<\/p>\n<p>Holzverarbeitung mit Know-how und Erfahrung aus elf Generationen.<br \/>\nJeder Baum hat als Rohstofflieferant mit seiner Faserung und Astigkeit, mit dem Standort und Wachstum seine individuellen Besonderheiten. Sie haben direkten Einfluss auf die weitere Verwendung, sobald der Baum gef\u00e4llt ist. Das Rundholz wird als Rohholz in runder sowie in L\u00e4ngsrichtung ungeteilter Form als Stammst\u00fcck oder als ganzer Baumstamm in der Holzwirtschaft verarbeitet. Altholz bieten wir zu vielf\u00e4ltiger Nutzung an. Beispiele daf\u00fcr sind Spanplatten, Holzfaserplatten oder die industriell genutzten Pressholzplatten.<\/p>\n<p>In unserem Familienunternehmen hat sich \u00fcber die Generationen hinweg ein tiefes Wissen rund um das Holz angesammelt. In Kombination mit der jetzigen modernen maschinellen und elektronisch gesteuerten Holzverarbeitung profitiert die heutige kraftholz neuhofer GmbH davon in einem ganz besonderen Ma\u00df. Hinzu kommt ein bewusster Umgang mit der nat\u00fcrlichen Ressource Holz und seinen Wachstums- sowie Ruhephasen.<\/p>\n<p>Seit jeher gefragt ist unser Klangholz f\u00fcr den Bau von Musikinstrumenten. Daf\u00fcr sind nur wenige ausgew\u00e4hlte St\u00e4mme verwendbar. Wir bieten es in vielf\u00e4ltigen Holzarten, Qualit\u00e4ten und Ma\u00dfen an.<\/p>\n<p>Sie kommen aus V\u00f6cklabruck und sind auf der Suche nach einem Holzanbieter als Lohnunternehmen oder als Holzlieferant? Vereinbaren Sie jetzt mit der kraftholz neuhofer GmbH telefonisch einen Beratungstermin.<\/p>\n<\/div><\/section><\/p>","protected":false},"excerpt":{"rendered":"<p>Sorry, this entry is only available in Deutsch. For the sake of viewer convenience, the content is shown below in the alternative language. You may click the link to switch the active language.<\/p>\n","protected":false},"author":2,"featured_media":0,"parent":0,"menu_order":0,"comment_status":"closed","ping_status":"closed","template":"","meta":{"footnotes":""},"class_list":["post-689","page","type-page","status-publish","hentry"],"_links":{"self":[{"href":"https:\/\/kraftholz.com\/en\/wp-json\/wp\/v2\/pages\/689","targetHints":{"allow":["GET"]}}],"collection":[{"href":"https:\/\/kraftholz.com\/en\/wp-json\/wp\/v2\/pages"}],"about":[{"href":"https:\/\/kraftholz.com\/en\/wp-json\/wp\/v2\/types\/page"}],"author":[{"embeddable":true,"href":"https:\/\/kraftholz.com\/en\/wp-json\/wp\/v2\/users\/2"}],"replies":[{"embeddable":true,"href":"https:\/\/kraftholz.com\/en\/wp-json\/wp\/v2\/comments?post=689"}],"version-history":[{"count":2,"href":"https:\/\/kraftholz.com\/en\/wp-json\/wp\/v2\/pages\/689\/revisions"}],"predecessor-version":[{"id":692,"href":"https:\/\/kraftholz.com\/en\/wp-json\/wp\/v2\/pages\/689\/revisions\/692"}],"wp:attachment":[{"href":"https:\/\/kraftholz.com\/en\/wp-json\/wp\/v2\/media?parent=689"}],"curies":[{"name":"wp","href":"https:\/\/api.w.org\/{rel}","templated":true}]}}