{"id":654,"date":"2021-06-21T12:02:19","date_gmt":"2021-06-21T10:02:19","guid":{"rendered":"https:\/\/kraftholz.com\/?page_id=654"},"modified":"2026-04-13T15:08:52","modified_gmt":"2026-04-13T13:08:52","slug":"jobs","status":"publish","type":"page","link":"https:\/\/kraftholz.com\/en\/jobs\/","title":{"rendered":"Jobs"},"content":{"rendered":"<p><\/div><\/div><\/div><!-- close content main div --><\/div><\/div><div id='full_slider_2' class='avia-fullwidth-slider main_color avia-shadow   container_wrap fullsize'   ><div  data-size='featured'  data-lightbox_size='large'  data-animation='slide'  data-conditional_play=''  data-ids='660'  data-video_counter='0'  data-autoplay='false'  data-bg_slider='false'  data-slide_height=''  data-handle='av_slideshow_full'  data-interval='5'  data-class=' '  data-css_id=''  data-scroll_down=''  data-control_layout='av-control-default'  data-custom_markup=''  data-perma_caption=''  data-autoplay_stopper=''  data-image_attachment=''  data-min_height='0px'  data-src=''  data-position='top left'  data-repeat='no-repeat'  data-attach='scroll'  data-stretch=''  data-default-height='28.666666666667'  class='avia-slideshow avia-slideshow-2  av-control-default av-default-height-applied avia-slideshow-featured av_slideshow_full   avia-slide-slider '  itemprop=\"ImageObject\" itemscope=\"itemscope\" itemtype=\"https:\/\/schema.org\/ImageObject\" ><ul class='avia-slideshow-inner ' style='padding-bottom: 28.666666666667%;' ><li  class=' av-single-slide slide-1 ' ><div data-rel='slideshow-2' class='avia-slide-wrap '   ><img src='https:\/\/kraftholz.com\/wp-content\/uploads\/2021\/06\/header-jobs1-1500x430.jpg' width='1500' height='430' title='header-jobs1' alt=''  itemprop=\"thumbnailUrl\"   \/><\/div><\/li><\/ul><\/div><\/div><\/p>\n<div class=\"flex_column av_one_full  flex_column_div av-zero-column-padding first  \" style='border-radius:0px; '><section class=\"av_textblock_section \"  itemscope=\"itemscope\" itemtype=\"https:\/\/schema.org\/CreativeWork\" ><div class='avia_textblock  '   itemprop=\"text\" ><h1>Aus gutem Holz geschnitzt.<\/h1>\n<p>Wir von Kraftholz sind ein Holzhandelsunternehmen und S\u00e4gewerk und lieben die Natur und nat\u00fcrlich den Werkstoff Holz. Schon der Umgang mit einem Naturprodukt und das Bewusstsein f\u00fcr unsere Umwelt schafft ein besonderes Klima, in dem Werte gro\u00dfgeschrieben werden.<\/p>\n<p>Initialbewerbungen richten Sie gerne an Christine Rohrmoser unter <a href=\"mailto:c.rohrmoser@kraftholz.com\">c.rohrmoser@kraftholz.com<\/a>.<\/p>\n<p>Wir freuen uns \u00fcber Ihre Begeisterung f\u00fcr Kraftholz!!<\/p>\n<\/div><\/section><\/div><\/p>","protected":false},"excerpt":{"rendered":"","protected":false},"author":2,"featured_media":0,"parent":0,"menu_order":0,"comment_status":"closed","ping_status":"closed","template":"","meta":{"footnotes":""},"class_list":["post-654","page","type-page","status-publish","hentry"],"_links":{"self":[{"href":"https:\/\/kraftholz.com\/en\/wp-json\/wp\/v2\/pages\/654","targetHints":{"allow":["GET"]}}],"collection":[{"href":"https:\/\/kraftholz.com\/en\/wp-json\/wp\/v2\/pages"}],"about":[{"href":"https:\/\/kraftholz.com\/en\/wp-json\/wp\/v2\/types\/page"}],"author":[{"embeddable":true,"href":"https:\/\/kraftholz.com\/en\/wp-json\/wp\/v2\/users\/2"}],"replies":[{"embeddable":true,"href":"https:\/\/kraftholz.com\/en\/wp-json\/wp\/v2\/comments?post=654"}],"version-history":[{"count":28,"href":"https:\/\/kraftholz.com\/en\/wp-json\/wp\/v2\/pages\/654\/revisions"}],"predecessor-version":[{"id":870,"href":"https:\/\/kraftholz.com\/en\/wp-json\/wp\/v2\/pages\/654\/revisions\/870"}],"wp:attachment":[{"href":"https:\/\/kraftholz.com\/en\/wp-json\/wp\/v2\/media?parent=654"}],"curies":[{"name":"wp","href":"https:\/\/api.w.org\/{rel}","templated":true}]}}